{"id":118,"date":"2024-03-07T08:17:58","date_gmt":"2024-03-07T08:17:58","guid":{"rendered":"https:\/\/mikulalajos.hu\/?page_id=118"},"modified":"2024-08-24T19:44:59","modified_gmt":"2024-08-24T19:44:59","slug":"posts","status":"publish","type":"page","link":"https:\/\/mikulalajos.hu\/","title":{"rendered":"\u00dcdv\u00f6zlet!"},"content":{"rendered":"\n<div style=\"height:70px\" aria-hidden=\"true\" class=\"wp-block-spacer\"><\/div>\n\n\n\n<div class=\"wp-block-group alignfull is-layout-flow wp-block-group-is-layout-flow has-background\" style=\"border-top-color:#00000040;border-top-style:none;border-top-width:0px;border-right-color:#00000040;border-right-style:none;border-right-width:0px;border-bottom-style:none;border-bottom-width:0px;border-left-color:#00000040;border-left-style:none;border-left-width:0px;margin-top:0;margin-bottom:0;padding-top:var(--wp--preset--spacing--20);padding-right:var(--wp--preset--spacing--20);padding-bottom:var(--wp--preset--spacing--20);padding-left:var(--wp--preset--spacing--20);background-image:url(&apos;https:\/\/mikulalajos.hu\/wp-content\/uploads\/2024\/06\/MG_1922-Nagy.png&apos;);background-position:49% 49%;background-repeat:no-repeat;background-size:cover;\">\n<div style=\"height:70px\" aria-hidden=\"true\" class=\"wp-block-spacer\"><\/div>\n\n\n\n<div style=\"display: none\">\n<div class=\"live-indicator\" style=\"padding-left: min(6.5rem, 8vw); padding-right: min(6.5rem, 8vw); padding-top: 20px; padding-bottom: 20px\">\n<figure class=\"live-indicator__circle\"><\/figure>\n<span class=\"live-indicator__text\">K\u00f6vesse \u00e9l\u0151ben a cikkeket!<\/span>\n<\/div>\n<\/div>\n<style>\n  .live-indicator {\n  display: flex;\n  align-items: center;\n}\n.live-indicator__circle {\n  background-color: #e33a00;\n  width: 24px;\n  height: 24px;\n  border-radius: 50%;\n  margin: 0;\n  position: absolute;\n  &::before, &::after {\n    display: block;\n    width: 40px;\n    height: 40px;\n    background-color: #e33a00;\n    content: '';\n    opacity: 0.4;\n    border-radius: 50%;\n    \n    position: absolute;\n    top: -8px;\n    left: -8px;\n    box-shadow: 0 0 10px 0 rgba(230, 56, 0, 0.4);\n  }\n  \n  &::before {\n    animation: grow 2s infinite;\n  }\n}\n.live-indicator__text {\n  margin-left: 60px;\n  color: #e33a00;\n  font-size: 40px;\n  font-weight: bold;\n  font-family: \"Roboto\", sans-serif;\n  font-weight: 400;\n  font-style: normal;\n}\n@keyframes grow {\n  0%    { transform: scale(0); }\n  60%  { transform: scale(1.5); }\n  100%  { transform: scale(0); }\n}\n<\/style>\n\n\n\n<div class=\"wp-block-group has-global-padding is-layout-constrained wp-container-core-group-is-layout-11c1ca01 wp-block-group-is-layout-constrained\" style=\"padding-right:var(--wp--preset--spacing--50);padding-left:var(--wp--preset--spacing--50)\">\n<p class=\"has-large-font-size\"><\/p>\n\n\n\n<p>Legut\u00f3bbi utaz\u00e1somon <strong>Dublinban <\/strong>voltam. <a href=\"https:\/\/mikulalajos.hu\/index.php\/category\/utazasaim\/dublin\/\" data-type=\"category\" data-id=\"15\">A sorozatban megjelent cikkek<\/a>. K\u00e9sz\u00fclt <a href=\"https:\/\/pics.mikulalajos.hu\">gal\u00e9ria<\/a> is az \u00f6sszes k\u00e9ppel, illetve <a href=\"https:\/\/mikulalajos.hu\/index.php\/2024\/07\/06\/mesterterkep\/\">t\u00e9rk\u00e9p<\/a>.<\/p>\n\n\n\n<p>Ezen az oldalon ezen k\u00edv\u00fcl cikkeket \u00e9s hasznos anyagokat tal\u00e1lhat a kor\u00e1bbi projektjeimb\u0151l, fejleszt\u00e9seimb\u0151l, illetve el\u00e9rheti az intranetet. Egyes cikkeimet n\u00e9met nyelvre is leford\u00edtom, ezek javar\u00e9szt pontosan ugyanazok az anyagok, csak n\u00e9met nyelven. Ha valamilyen fontos utaz\u00e1s vagy esem\u00e9ny van folyamatban, amir\u0151l \u00e9l\u0151ben is \u00edrhatok, itt tal\u00e1lja majd.<\/p>\n\n\n\n<div style=\"height:70px\" aria-hidden=\"true\" class=\"wp-block-spacer\"><\/div>\n<\/div>\n<\/div>\n\n\n\n<div style=\"margin-top:0;margin-bottom:0;height:30px\" aria-hidden=\"true\" class=\"wp-block-spacer\"><\/div>\n\n\n\n<div class=\"wp-block-group alignfull has-base-2-background-color has-background is-layout-flow wp-block-group-is-layout-flow\" style=\"border-style:none;border-width:0px;margin-top:0;margin-bottom:0;padding-top:var(--wp--preset--spacing--20);padding-right:var(--wp--preset--spacing--20);padding-bottom:var(--wp--preset--spacing--20);padding-left:var(--wp--preset--spacing--20);background-image:url(&apos;https:\/\/mikulalajos.hu\/wp-content\/uploads\/2024\/08\/MG_3874-Nagy-1.png&apos;);background-position:50% 83%;background-size:cover;\">\n<div style=\"height:70px\" aria-hidden=\"true\" class=\"wp-block-spacer\"><\/div>\n\n\n\n<div class=\"wp-block-group has-global-padding is-layout-constrained wp-container-core-group-is-layout-20bc5a55 wp-block-group-is-layout-constrained\" style=\"padding-top:0;padding-right:var(--wp--preset--spacing--60);padding-bottom:0;padding-left:var(--wp--preset--spacing--60)\">\n<h2 class=\"wp-block-heading has-contrast-color has-text-color has-link-color wp-elements-85a206187ddb6dc1ed6bd0a0da02670a\">Mi t\u00f6rt\u00e9nt mostan\u00e1ban?<\/h2>\n\n\n<ul class=\"display-posts-listing\"><li class=\"listing-item\"><a class=\"title\" href=\"https:\/\/mikulalajos.hu\/index.php\/2024\/12\/15\/leosztottam-nullaval-kalandjaim-az-utobbi-honapokbol\/\">Leosztottam null\u00e1val&#8230; &#8211; Kalandjaim az ut\u00f3bbi h\u00f3napokb\u00f3l<\/a><\/li><li class=\"listing-item\"><a class=\"title\" href=\"https:\/\/mikulalajos.hu\/index.php\/2024\/09\/14\/bestialis-technika-canon-70d\/\">Besti\u00e1lis technika &#8211; Canon 70D<\/a><\/li><li class=\"listing-item\"><a class=\"title\" href=\"https:\/\/mikulalajos.hu\/index.php\/2024\/08\/15\/a-vilag-nem-eleg-homelab-fejlesztesek\/\">A vil\u00e1g nem el\u00e9g &#8211; Homelab fejleszt\u00e9sek<\/a><\/li><\/ul>\n\n\n\n<h2 class=\"wp-block-heading has-contrast-color has-text-color has-link-color wp-elements-2a7849d8ff439745cbe24ecdb9a4e958\">Aktualit\u00e4ten<\/h2>\n\n\n<ul class=\"display-posts-listing\"><li class=\"listing-item\"><a class=\"title\" href=\"https:\/\/mikulalajos.hu\/index.php\/2024\/05\/05\/das-yrons-projekt-teil-3-und-4-manner-unter-feuer\/\">Das YRoNS Projekt (Teil 3 und 4) &#8211; M\u00e4nner unter Feuer<\/a><\/li><li class=\"listing-item\"><a class=\"title\" href=\"https:\/\/mikulalajos.hu\/index.php\/2024\/03\/30\/ein-teil-des-amerikanischen-traums-texas-instruments-und-das-ti-82\/\">Ein Teil des amerikanischen Traums &#8211; Texas Instruments und das TI-82<\/a><\/li><li class=\"listing-item\"><a class=\"title\" href=\"https:\/\/mikulalajos.hu\/index.php\/2024\/03\/23\/fotografieren-ohne-licht-ein-versuch\/\">Fotografieren ohne Licht &#8211; Ein Versuch<\/a><\/li><\/ul>\n<\/div>\n\n\n\n<div style=\"height:70px\" aria-hidden=\"true\" class=\"wp-block-spacer\"><\/div>\n<\/div>\n\n\n\n<div style=\"margin-top:0;margin-bottom:0;height:30px\" aria-hidden=\"true\" class=\"wp-block-spacer\"><\/div>\n\n\n\n<div class=\"wp-block-group alignfull is-layout-flow wp-block-group-is-layout-flow has-background\" style=\"min-height:1000px;margin-top:0;margin-bottom:0;padding-top:var(--wp--preset--spacing--20);padding-right:var(--wp--preset--spacing--20);padding-bottom:var(--wp--preset--spacing--20);padding-left:var(--wp--preset--spacing--20);background-image:url(&apos;https:\/\/mikulalajos.hu\/wp-content\/uploads\/2024\/06\/MG_7361-5-Nagy-blend.png&apos;);background-position:50% 20%;background-repeat:no-repeat;background-size:cover;\">\n<div class=\"wp-block-group is-horizontal is-content-justification-center is-nowrap is-layout-flex wp-container-core-group-is-layout-882f8061 wp-block-group-is-layout-flex\" style=\"padding-top:0;padding-bottom:0\">\n<div class=\"wp-block-group is-vertical is-content-justification-left is-layout-flex wp-container-core-group-is-layout-905d3ee1 wp-block-group-is-layout-flex\" style=\"min-height:1000px;padding-top:var(--wp--preset--spacing--10);padding-right:var(--wp--preset--spacing--20);padding-bottom:var(--wp--preset--spacing--10);padding-left:var(--wp--preset--spacing--20)\">\n<h2 class=\"wp-block-heading\">Bemutatkoz\u00e1s<\/h2>\n\n\n\n<p><strong>Mikula Lajos vagyok<\/strong>, az <strong>V. ker\u00fcleti E\u00f6tv\u00f6s J\u00f3zsef Gimn\u00e1zium<\/strong> tanul\u00f3ja. \u00c9rdekel a <strong>fizika \u00e9s az informatika<\/strong>, szabadid\u0151met t\u00f6bbnyire k\u00eds\u00e9rletez\u00e9ssel, szoftverfejleszt\u00e9ssel (<a href=\"http:\/\/gitea.mikulalajos.hu\">Gitea<\/a>) \u00e9s f\u00e9nyk\u00e9pez\u00e9ssel (<a href=\"http:\/\/pics.mikulalajos.hu\">fot\u00f3im<\/a>) t\u00f6lt\u00f6m, iskol\u00e1m <a href=\"http:\/\/e5vosmedia.hu\" data-type=\"link\" data-id=\"e5vosmedia.hu\">m\u00e9diacsoportj\u00e1t<\/a> vezetem.<\/p>\n\n\n\n<p>Az informatik\u00e1n bel\u00fcl f\u0151leg az \u00fczemeltet\u00e9si oldal, \u00e9s a Linux alap\u00fa rendszerek \u00e9rdekelnek (ez a weboldal is egy <a href=\"https:\/\/mikulalajos.hu\/index.php\/2024\/03\/14\/belepes-a-hajpervajzorok-vilagaba-proxmox\/\" data-type=\"post\" data-id=\"122\">Proxmox<\/a>-szal virtualiz\u00e1lt Debian szerveren fut). Informatikatud\u00e1somat eddig siker\u00fclt t\u00f6bbsz\u00f6r is kamatoztatni, f\u0151leg a fentebb eml\u00edtett <a href=\"https:\/\/mikulalajos.hu\/index.php\/2024\/05\/05\/das-yrons-projekt-teil-3-und-4-manner-unter-feuer\/\" data-type=\"post\" data-id=\"231\">\u00fczemeltet\u00e9si aspektust<\/a> (<a href=\"http:\/\/yrons.org\" data-type=\"link\" data-id=\"yrons.org\">YRoNS<\/a>) Ezen k\u00edv\u00fcl hardveres eszk\u00f6z\u00f6ket is fejlesztettem m\u00e1r (kevesebb-t\u00f6bb sikerrel), <a href=\"https:\/\/otio.hu\/18.html\">versenyeken<\/a> is j\u00e1rtam m\u00e1r.<\/p>\n\n\n\n<h4 class=\"wp-block-heading\">Ezeket az eszk\u00f6z\u00f6ket haszn\u00e1lom munk\u00e1m sor\u00e1n:<\/h4>\n\n\n\n<ul class=\"wp-block-list\">\n<li><a href=\"https:\/\/www.proxmox.com\/en\/\">Proxmox VE<\/a> (egyenl\u0151re standalone m\u00f3dban)<\/li>\n\n\n\n<li>Linux alatt f\u0151leg <a href=\"https:\/\/www.debian.org\/\">Debian<\/a> 12, de voltak <a href=\"https:\/\/voidlinux.org\/\">Void <\/a>alap\u00fa szervereim is egy id\u0151ben<\/li>\n\n\n\n<li><a href=\"https:\/\/www.docker.com\/\">Docker<\/a> (Dockge manager fel\u00fclettel)<\/li>\n\n\n\n<li><a href=\"https:\/\/uptimerobot.com\/\">UptimeRobot<\/a> \u00e9s <a href=\"https:\/\/uptime.kuma.pet\/\">Uptime Kuma<\/a><\/li>\n\n\n\n<li><a href=\"https:\/\/termius.com\/\">Termius<\/a> \u00e9s <a href=\"https:\/\/www.solarwinds.com\/free-tools\/solar-putty\">Solar-Putty<\/a> SSH kliensek<\/li>\n\n\n\n<li>Webszerver \u00e9s Reverse Proxy gyan\u00e1nt <a href=\"https:\/\/httpd.apache.org\/\">Apache2<\/a><\/li>\n\n\n\n<li>Adatb\u00e1zisn\u00e1l <a href=\"https:\/\/mariadb.org\/\">MariaDB<\/a> vagy <a href=\"https:\/\/www.postgresql.org\/\">Postgres<\/a><\/li>\n\n\n\n<li>Webszerverek k\u00e9sz\u00edt\u00e9s\u00e9re <a href=\"https:\/\/expressjs.com\/\">ExpressJS<\/a><\/li>\n\n\n\n<li>Frontendn\u00e9l pedig <a href=\"http:\/\/reactjs.com\" data-type=\"link\" data-id=\"reactjs.com\">ReactJS<\/a><\/li>\n\n\n\n<li>\u00e9s m\u00e9g sok m\u00e1s&#8230;<\/li>\n<\/ul>\n\n\n\n<p>Ha \u00e9ppen nem dolgozom semmilyen projekten, akkor sz\u00edvesen f\u00e9nyk\u00e9pezek vagy utazok, ismerek meg \u00faj embereket.<\/p>\n\n\n\n<p class=\"has-link-color has-small-font-size wp-elements-bfa266e030ba97d09ed185fdf8ab2eca\"><strong>E-mail c\u00edmem: <\/strong><a href=\"mailto:me@mikulalajos.hu\">me@mikulalajos.hu<\/a><\/p>\n<\/div>\n<\/div>\n<\/div>\n","protected":false},"excerpt":{"rendered":"<p>K\u00f6vesse \u00e9l\u0151ben a cikkeket! Legut\u00f3bbi utaz\u00e1somon Dublinban voltam. A sorozatban megjelent cikkek. K\u00e9sz\u00fclt gal\u00e9ria is az \u00f6sszes k\u00e9ppel, illetve t\u00e9rk\u00e9p. Ezen az oldalon ezen k\u00edv\u00fcl cikkeket \u00e9s hasznos anyagokat tal\u00e1lhat a kor\u00e1bbi projektjeimb\u0151l, fejleszt\u00e9seimb\u0151l, illetve el\u00e9rheti az intranetet. Egyes cikkeimet n\u00e9met nyelvre is leford\u00edtom, ezek javar\u00e9szt pontosan ugyanazok az anyagok, csak n\u00e9met nyelven. Ha valamilyen [&hellip;]<\/p>\n","protected":false},"author":1,"featured_media":0,"parent":0,"menu_order":0,"comment_status":"closed","ping_status":"closed","template":"","meta":{"footnotes":""},"class_list":["post-118","page","type-page","status-publish","hentry"],"_links":{"self":[{"href":"https:\/\/mikulalajos.hu\/index.php\/wp-json\/wp\/v2\/pages\/118","targetHints":{"allow":["GET"]}}],"collection":[{"href":"https:\/\/mikulalajos.hu\/index.php\/wp-json\/wp\/v2\/pages"}],"about":[{"href":"https:\/\/mikulalajos.hu\/index.php\/wp-json\/wp\/v2\/types\/page"}],"author":[{"embeddable":true,"href":"https:\/\/mikulalajos.hu\/index.php\/wp-json\/wp\/v2\/users\/1"}],"replies":[{"embeddable":true,"href":"https:\/\/mikulalajos.hu\/index.php\/wp-json\/wp\/v2\/comments?post=118"}],"version-history":[{"count":65,"href":"https:\/\/mikulalajos.hu\/index.php\/wp-json\/wp\/v2\/pages\/118\/revisions"}],"predecessor-version":[{"id":1038,"href":"https:\/\/mikulalajos.hu\/index.php\/wp-json\/wp\/v2\/pages\/118\/revisions\/1038"}],"wp:attachment":[{"href":"https:\/\/mikulalajos.hu\/index.php\/wp-json\/wp\/v2\/media?parent=118"}],"curies":[{"name":"wp","href":"https:\/\/api.w.org\/{rel}","templated":true}]}}